{"id":22,"date":"2021-02-14T06:24:18","date_gmt":"2021-02-14T06:24:18","guid":{"rendered":"http:\/\/www.finestar.cz\/?page_id=22"},"modified":"2025-11-09T09:54:31","modified_gmt":"2025-11-09T09:54:31","slug":"nase-sluzby","status":"publish","type":"page","link":"https:\/\/www.finestar.cz\/index.php\/nase-sluzby\/","title":{"rendered":"Na\u0161e slu\u017eby"},"content":{"rendered":"\n<div class=\"wp-block-image\"><figure class=\"aligncenter size-large\"><img loading=\"lazy\" decoding=\"async\" width=\"1024\" height=\"205\" src=\"https:\/\/www.finestar.cz\/wp-content\/uploads\/2021\/02\/tax-services-desktop-banner-1024x205.jpg\" alt=\"\" class=\"wp-image-49\" srcset=\"https:\/\/www.finestar.cz\/wp-content\/uploads\/2021\/02\/tax-services-desktop-banner-1024x205.jpg 1024w, https:\/\/www.finestar.cz\/wp-content\/uploads\/2021\/02\/tax-services-desktop-banner-300x60.jpg 300w, https:\/\/www.finestar.cz\/wp-content\/uploads\/2021\/02\/tax-services-desktop-banner-768x154.jpg 768w, https:\/\/www.finestar.cz\/wp-content\/uploads\/2021\/02\/tax-services-desktop-banner-1536x307.jpg 1536w, https:\/\/www.finestar.cz\/wp-content\/uploads\/2021\/02\/tax-services-desktop-banner.jpg 2000w\" sizes=\"auto, (max-width: 1024px) 100vw, 1024px\" \/><\/figure><\/div>\n\n\n\n<p><\/p>\n\n\n\n<p><strong>PORADENSTV\u00cd<\/strong><\/p>\n\n\n\n<ul class=\"wp-block-list\" id=\"block-4534f093-8eb0-43b5-bd2d-9f51e9ed82ba\"><li>ekonomick\u00e9 a organiza\u010dn\u00ed poradenstv\u00ed <\/li><li>interim ekonomicko-finan\u010dn\u00ed management<\/li><li>anal\u00fdzy efektivity a n\u00e1vratnosti investic, podpora p\u0159i \u0159\u00edzen\u00ed rizik nov\u00fdch projekt\u016f<\/li><li>strategick\u00e9 pl\u00e1nov\u00e1n\u00ed a v\u00fdhledy cash-flow<\/li><li>poradenstv\u00ed pro spr\u00e1vu osobn\u00edch investic<\/li><\/ul>\n\n\n\n<p><strong>OCE\u0147OV\u00c1N\u00cd<\/strong><\/p>\n\n\n\n<ul class=\"wp-block-list\" id=\"block-4534f093-8eb0-43b5-bd2d-9f51e9ed82ba\"><li>odhady a znaleck\u00e9 posudky na oce\u0148ov\u00e1n\u00ed podnik\u016f, cenn\u00fdch pap\u00edr\u016f, pohled\u00e1vek, nehmotn\u00e9ho majetku, stroj\u016f a technologi\u00ed<\/li><li>tr\u017en\u00ed odhady v\u00fdnosov\u00fdm ocen\u011bn\u00edm komer\u010dn\u00edch nemovitost\u00ed<\/li><\/ul>\n\n\n\n<p><strong>REALITY<\/strong><\/p>\n\n\n\n<ul class=\"wp-block-list\" id=\"block-4534f093-8eb0-43b5-bd2d-9f51e9ed82ba\"><li>administrativn\u00ed slu\u017eby p\u0159i spr\u00e1v\u011b nemovitost\u00ed<\/li><li>realitn\u00ed slu\u017eby p\u0159i pron\u00e1jmu investi\u010dn\u00edch a komer\u010dn\u00edch nemovitost\u00ed<\/li><\/ul>\n\n\n\n<p><\/p>\n","protected":false},"excerpt":{"rendered":"<p>PORADENSTV\u00cd ekonomick\u00e9 a organiza\u010dn\u00ed poradenstv\u00ed interim ekonomicko-finan\u010dn\u00ed management anal\u00fdzy efektivity a n\u00e1vratnosti investic, podpora p\u0159i \u0159\u00edzen\u00ed rizik nov\u00fdch projekt\u016f strategick\u00e9<\/p>\n<p><a href=\"https:\/\/www.finestar.cz\/index.php\/nase-sluzby\/\" class=\"more-link\">Continue reading<span class=\"screen-reader-text\">Na\u0161e slu\u017eby<\/span><\/a><\/p>\n","protected":false},"author":1,"featured_media":0,"parent":0,"menu_order":0,"comment_status":"closed","ping_status":"closed","template":"","meta":{"footnotes":""},"class_list":["post-22","page","type-page","status-publish","hentry"],"_links":{"self":[{"href":"https:\/\/www.finestar.cz\/index.php\/wp-json\/wp\/v2\/pages\/22","targetHints":{"allow":["GET"]}}],"collection":[{"href":"https:\/\/www.finestar.cz\/index.php\/wp-json\/wp\/v2\/pages"}],"about":[{"href":"https:\/\/www.finestar.cz\/index.php\/wp-json\/wp\/v2\/types\/page"}],"author":[{"embeddable":true,"href":"https:\/\/www.finestar.cz\/index.php\/wp-json\/wp\/v2\/users\/1"}],"replies":[{"embeddable":true,"href":"https:\/\/www.finestar.cz\/index.php\/wp-json\/wp\/v2\/comments?post=22"}],"version-history":[{"count":22,"href":"https:\/\/www.finestar.cz\/index.php\/wp-json\/wp\/v2\/pages\/22\/revisions"}],"predecessor-version":[{"id":121,"href":"https:\/\/www.finestar.cz\/index.php\/wp-json\/wp\/v2\/pages\/22\/revisions\/121"}],"wp:attachment":[{"href":"https:\/\/www.finestar.cz\/index.php\/wp-json\/wp\/v2\/media?parent=22"}],"curies":[{"name":"wp","href":"https:\/\/api.w.org\/{rel}","templated":true}]}}